{"id":93,"date":"2016-12-14T03:27:07","date_gmt":"2016-12-14T03:27:07","guid":{"rendered":"https:\/\/www.esba.dz\/\/?page_id=93"},"modified":"2023-09-24T02:42:53","modified_gmt":"2023-09-24T01:42:53","slug":"guide-de-letudiant","status":"publish","type":"page","link":"https:\/\/esba.dz\/?page_id=93","title":{"rendered":"Informations pour les candidats au concours"},"content":{"rendered":"\n<p><strong>QUE DEVEZ-VOUS APPORTER LORS DES EPREUVES DU CONCOURS ?<\/strong><br><br><strong>Lors des 3 \u00e9preuves :<\/strong><br>&#8211; pi\u00e8ce d&rsquo;identit\u00e9<br>&#8211; convocation imprim\u00e9e apr\u00e8s avoir rempli le formulaire d&rsquo;inscription<br>&#8211;  copie du relev\u00e9 de note du bac\u00a0\u00e9tabli par le Minist\u00e8re de l&rsquo;Education Nationale <br><br><strong>Epreuve pratique :\u00a0<\/strong><br>&#8211; carton \u00e0 dessin 65 x 50 cm<br>&#8211; 3 feuilles de papier canson format raisin (65 x 50 cm)<br>&#8211; crayons (H\/HB\/B), gomme, taille-crayon\u00a0<br>&#8211; pince \u00e0 papier, scotch ou punaises <br><br><strong>Epreuve orale\u00a0:<\/strong><br>Un dossier artistique correspondant aux crit\u00e8res suivants:\u00a0<br>&#8211; les travaux doivent \u00eatre des originaux, r\u00e9cents et vari\u00e9s (dessin, croquis, peinture, sculptures, photos, maquettes&#8230;) <br>&#8211; le dossier doit refl\u00e9ter les capacit\u00e9s artistiques et le potentiel cr\u00e9atif du candidat.<br>&#8211; les travaux \u00e0 pr\u00e9senter ne doivent pas d\u00e9passer le format 65 x 50 cm <\/p>\n\n\n\n<p><strong>Remarque\u00a0<\/strong>: le support num\u00e9rique est exclu.<\/p>\n\n\n\n<p><strong>DATES DU CONCOURS<\/strong><br>le concours se d\u00e9roule sur deux jours:<\/p>\n\n\n\n<ul class=\"wp-block-list\"><li><strong>jour 1<\/strong><br>&#8211; de 9h \u00e0 14h30 : \u00e9preuve de dessin<br><\/li><li><strong>jour 2<\/strong><br>&#8211; de 9h \u00e0 10h30 : \u00e9preuve \u00e9crite<br>&#8211; de 11h \u00e0 17h : \u00e9preuve orale<\/li><\/ul>\n\n\n\n<p><\/p>\n\n\n\n<p>En cas d&rsquo;admission au concours, compl\u00e9ter le dossier d&rsquo;admission\u00a0aupr\u00e8s du service scolarit\u00e9 de l&rsquo;ESBA:<\/p>\n\n\n\n<p><strong>DOSSIER D&rsquo;ADMISSION<\/strong><br>&#8211; formulaire de renseignement rempli \u00e0 retirer au niveau de l&rsquo;\u00e9cole\u00a0<br>&#8211; original du baccalaur\u00e9at<br>&#8211; 1 photo<br>&#8211; 2 actes de naissance<br>&#8211; certificat de r\u00e9sidence <br>&#8211; 2 enveloppes timbr\u00e9es \u00e0 l&rsquo;adresse de l&rsquo;\u00e9tudiant<br>&#8211; mandat de 200 da de frais d&rsquo;inscriptions payable \u00e0 la poste (compte CCP:  330626 cl? 21)<\/p>\n\n\n\n<p><strong>Remarque: <\/strong><br>L&rsquo;h\u00e9bergement durant le concours n&rsquo;est pas assur\u00e9. <\/p>\n","protected":false},"excerpt":{"rendered":"<p>QUE DEVEZ-VOUS APPORTER LORS DES EPREUVES DU CONCOURS ? Lors des 3 \u00e9preuves :&#8211; pi\u00e8ce d&rsquo;identit\u00e9&#8211; convocation imprim\u00e9e apr\u00e8s avoir rempli le formulaire d&rsquo;inscription&#8211; copie du relev\u00e9 de note du bac\u00a0\u00e9tabli par le Minist\u00e8re de l&rsquo;Education Nationale Epreuve pratique :\u00a0&#8211; carton \u00e0 dessin 65 x 50 cm&#8211; 3 feuilles de papier canson format raisin (65 x 50 cm)&#8211; crayons (H\/HB\/B), gomme, taille-crayon\u00a0&#8211; pince \u00e0 papier, scotch ou punaises Epreuve orale\u00a0:Un dossier artistique correspondant aux crit\u00e8res suivants:\u00a0&#8211; les travaux doivent \u00eatre des originaux, r\u00e9cents et vari\u00e9s (dessin, croquis, peinture, sculptures, photos, maquettes&#8230;) &#8211; le dossier doit refl\u00e9ter les capacit\u00e9s artistiques et le potentiel cr\u00e9atif du candidat.&#8211; les travaux \u00e0 pr\u00e9senter ne doivent pas d\u00e9passer le format 65 x 50 cm Remarque\u00a0: le support num\u00e9rique est exclu. DATES DU CONCOURSle concours se d\u00e9roule sur deux jours: jour 1&#8211; de 9h \u00e0 14h30 : \u00e9preuve de dessin jour 2&#8211; de 9h \u00e0 10h30 : \u00e9preuve \u00e9crite&#8211; de 11h \u00e0 17h : \u00e9preuve orale En cas d&rsquo;admission au concours, compl\u00e9ter le dossier d&rsquo;admission\u00a0aupr\u00e8s du service scolarit\u00e9 de l&rsquo;ESBA: DOSSIER D&rsquo;ADMISSION&#8211; formulaire de renseignement rempli \u00e0 retirer au niveau de l&rsquo;\u00e9cole\u00a0&#8211; original du baccalaur\u00e9at&#8211; 1 photo&#8211; 2 actes de naissance&#8211; certificat de r\u00e9sidence &#8211; 2 enveloppes timbr\u00e9es \u00e0 l&rsquo;adresse de l&rsquo;\u00e9tudiant&#8211; mandat de 200 da de &#8230;<\/p>\n","protected":false},"author":1,"featured_media":0,"parent":91,"menu_order":0,"comment_status":"closed","ping_status":"closed","template":"","meta":{"footnotes":""},"class_list":["post-93","page","type-page","status-publish","hentry"],"_links":{"self":[{"href":"https:\/\/esba.dz\/index.php?rest_route=\/wp\/v2\/pages\/93","targetHints":{"allow":["GET"]}}],"collection":[{"href":"https:\/\/esba.dz\/index.php?rest_route=\/wp\/v2\/pages"}],"about":[{"href":"https:\/\/esba.dz\/index.php?rest_route=\/wp\/v2\/types\/page"}],"author":[{"embeddable":true,"href":"https:\/\/esba.dz\/index.php?rest_route=\/wp\/v2\/users\/1"}],"replies":[{"embeddable":true,"href":"https:\/\/esba.dz\/index.php?rest_route=%2Fwp%2Fv2%2Fcomments&post=93"}],"version-history":[{"count":26,"href":"https:\/\/esba.dz\/index.php?rest_route=\/wp\/v2\/pages\/93\/revisions"}],"predecessor-version":[{"id":3122,"href":"https:\/\/esba.dz\/index.php?rest_route=\/wp\/v2\/pages\/93\/revisions\/3122"}],"up":[{"embeddable":true,"href":"https:\/\/esba.dz\/index.php?rest_route=\/wp\/v2\/pages\/91"}],"wp:attachment":[{"href":"https:\/\/esba.dz\/index.php?rest_route=%2Fwp%2Fv2%2Fmedia&parent=93"}],"curies":[{"name":"wp","href":"https:\/\/api.w.org\/{rel}","templated":true}]}}