{"id":91,"date":"2016-12-14T01:57:40","date_gmt":"2016-12-14T01:57:40","guid":{"rendered":"https:\/\/www.esba.dz\/\/?page_id=91"},"modified":"2023-09-24T02:33:24","modified_gmt":"2023-09-24T01:33:24","slug":"admission","status":"publish","type":"page","link":"https:\/\/esba.dz\/?page_id=91","title":{"rendered":"Admission"},"content":{"rendered":"\n<p>L&rsquo;acc\u00e8s \u00e0 l&rsquo;Ecole Sup\u00e9rieure des Beaux-Arts d&rsquo;Alger se fait par voie de concours.<br>Pour vous inscrire au concours veuillez :<br>&#8211; vous assurer que vous remplissez les <a href=\"http:\/\/www.esba.dz\/?page_id=40\">conditions d&rsquo;admission<\/a><br>&#8211; vous renseigner sur les <a href=\"http:\/\/www.esba.dz\/?page_id=93\">modalit\u00e9s<\/a> du concours<br>&#8211; remplir le <a href=\"http:\/\/www.esba.dz\/?p=1924\">formulaire d&rsquo;inscription au concours d&rsquo;acc\u00e8s<\/a><\/p>\n\n\n\n<p><strong>DEROULEMENT DU CONCOURS<\/strong><br>Le concours se d\u00e9roule en 3 \u00e9preuves<br><strong>\u00e9preuve pratique<\/strong> : dessin (coefficient 4) <br><strong>\u00e9preuve \u00e9crite<\/strong> : culture g\u00e9n\u00e9rale dans le domaine des beaux arts (coefficient 2)<br><strong>\u00e9preuve orale<\/strong> : pr\u00e9sentation d&rsquo;un dossier artistique devant un jury (coefficient 3).<\/p>\n\n\n\n<p>L&rsquo;\u00e9tudiant sera not\u00e9 en fonction de la moyenne des notes obtenues lors des trois \u00e9preuves.<br>Les r\u00e9sultats seront affich\u00e9s au niveau de l&rsquo;\u00e9cole et sur le <a href=\"http:\/\/www.esba.dz\/?page_id=2296\">site<\/a> la semaine suivante.<\/p>\n\n\n\n<p><strong>DATES DU CONCOURS POUR L&rsquo;ANNEE UNIVERSITAIRE 2023-2024<\/strong><br>le concours se d\u00e9roule sur deux jours:<\/p>\n\n\n\n<ul class=\"wp-block-list\"><li> <strong>mardi 19 septembre 2023<\/strong> <br>        &#8211; de 9h \u00e0 13h &#8211; \u00e9preuve de dessin <br><\/li><li> <strong>mercredi 20 septembre 2023<\/strong><br>         &#8211; de 9h \u00e0 10h30 &#8211; \u00e9preuve \u00e9crite<br>         &#8211; de 11h \u00e0 17h &#8211; \u00e9preuve orale <\/li><\/ul>\n\n\n\n<p><\/p>\n","protected":false},"excerpt":{"rendered":"<p>L&rsquo;acc\u00e8s \u00e0 l&rsquo;Ecole Sup\u00e9rieure des Beaux-Arts d&rsquo;Alger se fait par voie de concours.Pour vous inscrire au concours veuillez :&#8211; vous assurer que vous remplissez les conditions d&rsquo;admission&#8211; vous renseigner sur les modalit\u00e9s du concours&#8211; remplir le formulaire d&rsquo;inscription au concours d&rsquo;acc\u00e8s DEROULEMENT DU CONCOURSLe concours se d\u00e9roule en 3 \u00e9preuves\u00e9preuve pratique : dessin (coefficient 4) \u00e9preuve \u00e9crite : culture g\u00e9n\u00e9rale dans le domaine des beaux arts (coefficient 2)\u00e9preuve orale : pr\u00e9sentation d&rsquo;un dossier artistique devant un jury (coefficient 3). L&rsquo;\u00e9tudiant sera not\u00e9 en fonction de la moyenne des notes obtenues lors des trois \u00e9preuves.Les r\u00e9sultats seront affich\u00e9s au niveau de l&rsquo;\u00e9cole et sur le site la semaine suivante. DATES DU CONCOURS POUR L&rsquo;ANNEE UNIVERSITAIRE 2023-2024le concours se d\u00e9roule sur deux jours: mardi 19 septembre 2023 &#8211; de 9h \u00e0 13h &#8211; \u00e9preuve de dessin mercredi 20 septembre 2023 &#8211; de 9h \u00e0 10h30 &#8211; \u00e9preuve \u00e9crite &#8211; de 11h \u00e0 17h &#8211; \u00e9preuve orale<\/p>\n","protected":false},"author":1,"featured_media":0,"parent":0,"menu_order":0,"comment_status":"closed","ping_status":"closed","template":"","meta":{"footnotes":""},"class_list":["post-91","page","type-page","status-publish","hentry"],"_links":{"self":[{"href":"https:\/\/esba.dz\/index.php?rest_route=\/wp\/v2\/pages\/91","targetHints":{"allow":["GET"]}}],"collection":[{"href":"https:\/\/esba.dz\/index.php?rest_route=\/wp\/v2\/pages"}],"about":[{"href":"https:\/\/esba.dz\/index.php?rest_route=\/wp\/v2\/types\/page"}],"author":[{"embeddable":true,"href":"https:\/\/esba.dz\/index.php?rest_route=\/wp\/v2\/users\/1"}],"replies":[{"embeddable":true,"href":"https:\/\/esba.dz\/index.php?rest_route=%2Fwp%2Fv2%2Fcomments&post=91"}],"version-history":[{"count":52,"href":"https:\/\/esba.dz\/index.php?rest_route=\/wp\/v2\/pages\/91\/revisions"}],"predecessor-version":[{"id":3119,"href":"https:\/\/esba.dz\/index.php?rest_route=\/wp\/v2\/pages\/91\/revisions\/3119"}],"wp:attachment":[{"href":"https:\/\/esba.dz\/index.php?rest_route=%2Fwp%2Fv2%2Fmedia&parent=91"}],"curies":[{"name":"wp","href":"https:\/\/api.w.org\/{rel}","templated":true}]}}