{"id":87,"date":"2016-12-14T00:57:17","date_gmt":"2016-12-13T23:57:17","guid":{"rendered":"https:\/\/www.esba.dz\/\/?page_id=87"},"modified":"2023-09-25T23:59:44","modified_gmt":"2023-09-25T22:59:44","slug":"filieres","status":"publish","type":"page","link":"https:\/\/esba.dz\/?page_id=87","title":{"rendered":"Fili\u00e8res"},"content":{"rendered":"\n<p>La formation \u00e0 l&rsquo;ESBA a pour objectif fondamental de pr\u00e9parer le futur dipl\u00f4m\u00e9 \u00e0 la vie professionnelle. De ce fait, le cursus vise \u00e0 :<\/p>\n\n\n\n<ul class=\"wp-block-list\"><li> Former l&rsquo;\u00e9tudiant \u00e0 la pratique des arts et de la cr\u00e9ation<\/li><li> Doter l&rsquo;\u00e9tudiant de la r\u00e9flexion thorique et critique \u00e0 m\u00eame de lui permettre de mieux appr\u00e9hender les r\u00e8gles r\u00e9gissant l&rsquo;art. <\/li><\/ul>\n\n\n\n<p> Le cursus est structur\u00e9 autour de quatre grands axes\u00a0:<\/p>\n\n\n\n<p> &#8211; histoire et th\u00e9orie de l&rsquo;art<br> &#8211; m\u00e9thodologie et conception artistique<br> &#8211; approche technique et processus cr\u00e9atif<br> &#8211; stages professionnels  <\/p>\n\n\n\n<h3 class=\"wp-block-heading\">Dipl\u00f4mes et fili\u00e8res<\/h3>\n\n\n\n<p>L&rsquo;ESBA dispense des licences (3 ans) et des masters (5 ans). <br>L&rsquo;\u00e9tudiant dispose d&rsquo;un choix de 4 fili\u00e8res : <\/p>\n\n\n\n<ul class=\"wp-block-list\"><li><strong>en Arts Plastiques:<\/strong><br>&#8211; Expression picturale<br>&#8211; Volume-Mati\u00e8re<\/li><li><strong>en Design:<\/strong><br>&#8211; Image-M\u00e9dia<br>&#8211; Espace<\/li><\/ul>\n\n\n\n<h3 class=\"wp-block-heading\"><strong>Cursus<\/strong><\/h3>\n\n\n\n<p>Le programme est organis\u00e9 sous la forme d&rsquo;un parcours de formation<br>&#8211; de six semestres pour la licence<br>&#8211; de quatre semestres pour le master    <\/p>\n\n\n\n<p> <img decoding=\"async\" class=\"wp-image-2259\" style=\"width: NaNpx;\" src=\"http:\/\/www.esba.dz\/wp-content\/uploads\/2019\/07\/Schma-LMD.pdf\" alt=\"\"><img decoding=\"async\" class=\"wp-image-2261\" style=\"width: 600px;\" src=\"http:\/\/www.esba.dz\/wp-content\/uploads\/2019\/07\/Schma-LMD-1.jpg\" alt=\"\"><\/p>\n\n\n\n<div class=\"wp-block-image\"><figure class=\"aligncenter is-resized\"><img loading=\"lazy\" decoding=\"async\" src=\"http:\/\/www.esba.dz\/wp-content\/uploads\/2019\/07\/Sch%C3%A9ma-LMD.jpg\" alt=\"\" class=\"wp-image-2260\" width=\"460\" height=\"574\"\/><\/figure><\/div>\n\n\n\n<p><\/p>\n","protected":false},"excerpt":{"rendered":"<p>La formation \u00e0 l&rsquo;ESBA a pour objectif fondamental de pr\u00e9parer le futur dipl\u00f4m\u00e9 \u00e0 la vie professionnelle. De ce fait, le cursus vise \u00e0 : Former l&rsquo;\u00e9tudiant \u00e0 la pratique des arts et de la cr\u00e9ation Doter l&rsquo;\u00e9tudiant de la r\u00e9flexion thorique et critique \u00e0 m\u00eame de lui permettre de mieux appr\u00e9hender les r\u00e8gles r\u00e9gissant l&rsquo;art. Le cursus est structur\u00e9 autour de quatre grands axes\u00a0: &#8211; histoire et th\u00e9orie de l&rsquo;art &#8211; m\u00e9thodologie et conception artistique &#8211; approche technique et processus cr\u00e9atif &#8211; stages professionnels Dipl\u00f4mes et fili\u00e8res L&rsquo;ESBA dispense des licences (3 ans) et des masters (5 ans). L&rsquo;\u00e9tudiant dispose d&rsquo;un choix de 4 fili\u00e8res : en Arts Plastiques:&#8211; Expression picturale&#8211; Volume-Mati\u00e8re en Design:&#8211; Image-M\u00e9dia&#8211; Espace Cursus Le programme est organis\u00e9 sous la forme d&rsquo;un parcours de formation&#8211; de six semestres pour la licence&#8211; de quatre semestres pour le master<\/p>\n","protected":false},"author":1,"featured_media":0,"parent":0,"menu_order":0,"comment_status":"closed","ping_status":"closed","template":"","meta":{"footnotes":""},"class_list":["post-87","page","type-page","status-publish","hentry"],"_links":{"self":[{"href":"https:\/\/esba.dz\/index.php?rest_route=\/wp\/v2\/pages\/87","targetHints":{"allow":["GET"]}}],"collection":[{"href":"https:\/\/esba.dz\/index.php?rest_route=\/wp\/v2\/pages"}],"about":[{"href":"https:\/\/esba.dz\/index.php?rest_route=\/wp\/v2\/types\/page"}],"author":[{"embeddable":true,"href":"https:\/\/esba.dz\/index.php?rest_route=\/wp\/v2\/users\/1"}],"replies":[{"embeddable":true,"href":"https:\/\/esba.dz\/index.php?rest_route=%2Fwp%2Fv2%2Fcomments&post=87"}],"version-history":[{"count":14,"href":"https:\/\/esba.dz\/index.php?rest_route=\/wp\/v2\/pages\/87\/revisions"}],"predecessor-version":[{"id":3143,"href":"https:\/\/esba.dz\/index.php?rest_route=\/wp\/v2\/pages\/87\/revisions\/3143"}],"wp:attachment":[{"href":"https:\/\/esba.dz\/index.php?rest_route=%2Fwp%2Fv2%2Fmedia&parent=87"}],"curies":[{"name":"wp","href":"https:\/\/api.w.org\/{rel}","templated":true}]}}