{"id":40,"date":"2016-12-13T19:04:53","date_gmt":"2016-12-13T19:04:53","guid":{"rendered":"http:\/\/www.esba.dz\/\/\/?page_id=40"},"modified":"2023-07-23T15:12:07","modified_gmt":"2023-07-23T14:12:07","slug":"conditions-dadmission","status":"publish","type":"page","link":"https:\/\/esba.dz\/?page_id=40","title":{"rendered":"Conditions d&rsquo;admission"},"content":{"rendered":"\n<p><strong>Baccalaur\u00e9at : <\/strong><br>   &#8211; Toutes fili\u00e8res<br>   &#8211; Ann\u00e9e 2023 prioritaire <br>   &#8211; ann\u00e9e 2021-2022 dans la mesure des places disponibles<br>   &#8211; Copie du relev\u00e9 de note du bac \u00e9tabli par le Minist\u00e8re de l&rsquo;Education Nationale<br>   &#8211; le baccalaur\u00e9at \u00e9tranger est accept\u00e9 avec une \u00e9quivalence \u00e9tablie par le Minist\u00e8re de l&rsquo;Enseignement Sup\u00e9rieur et de la Recherche Scientifique, qu&rsquo;il vous est demand\u00e9 de d\u00e9poser au niveau de l&rsquo;Ecole Sup\u00e9rieure des Beaux-Arts. Sis : Parc Ziryab, 140 Bd Krim Belkacem, Telemly, Alger centre. Acc\u00e9s par le chemin Gatliff <br><br><strong>Attention<\/strong>: Les candidatures seront syst\u00e9matiquement \u00e9limin\u00e9s pour:<br>&#8211; fausse d\u00e9claration<br>&#8211; toute image ins\u00e9r\u00e9e dans le site hors relev\u00e9 de notes (scann\u00e9) du bac alg\u00e9rien ou \u00e9tranger en cours de validit\u00e9<br>&#8211; bac universit\u00e9 de la formation continue (UFC). <br><\/p>\n\n\n\n<p><strong>Pr\u00e9-requis : <\/strong><br>   &#8211; pr\u00e9dispositions en dessin <br>   &#8211; connaissances en histoire de l&rsquo;art <br>   &#8211; culture artistique <\/p>\n","protected":false},"excerpt":{"rendered":"<p>Baccalaur\u00e9at : &#8211; Toutes fili\u00e8res &#8211; Ann\u00e9e 2023 prioritaire &#8211; ann\u00e9e 2021-2022 dans la mesure des places disponibles &#8211; Copie du relev\u00e9 de note du bac \u00e9tabli par le Minist\u00e8re de l&rsquo;Education Nationale &#8211; le baccalaur\u00e9at \u00e9tranger est accept\u00e9 avec une \u00e9quivalence \u00e9tablie par le Minist\u00e8re de l&rsquo;Enseignement Sup\u00e9rieur et de la Recherche Scientifique, qu&rsquo;il vous est demand\u00e9 de d\u00e9poser au niveau de l&rsquo;Ecole Sup\u00e9rieure des Beaux-Arts. Sis : Parc Ziryab, 140 Bd Krim Belkacem, Telemly, Alger centre. Acc\u00e9s par le chemin Gatliff Attention: Les candidatures seront syst\u00e9matiquement \u00e9limin\u00e9s pour:&#8211; fausse d\u00e9claration&#8211; toute image ins\u00e9r\u00e9e dans le site hors relev\u00e9 de notes (scann\u00e9) du bac alg\u00e9rien ou \u00e9tranger en cours de validit\u00e9&#8211; bac universit\u00e9 de la formation continue (UFC). Pr\u00e9-requis : &#8211; pr\u00e9dispositions en dessin &#8211; connaissances en histoire de l&rsquo;art &#8211; culture artistique<\/p>\n","protected":false},"author":1,"featured_media":0,"parent":91,"menu_order":0,"comment_status":"closed","ping_status":"closed","template":"","meta":{"footnotes":""},"class_list":["post-40","page","type-page","status-publish","hentry"],"_links":{"self":[{"href":"https:\/\/esba.dz\/index.php?rest_route=\/wp\/v2\/pages\/40","targetHints":{"allow":["GET"]}}],"collection":[{"href":"https:\/\/esba.dz\/index.php?rest_route=\/wp\/v2\/pages"}],"about":[{"href":"https:\/\/esba.dz\/index.php?rest_route=\/wp\/v2\/types\/page"}],"author":[{"embeddable":true,"href":"https:\/\/esba.dz\/index.php?rest_route=\/wp\/v2\/users\/1"}],"replies":[{"embeddable":true,"href":"https:\/\/esba.dz\/index.php?rest_route=%2Fwp%2Fv2%2Fcomments&post=40"}],"version-history":[{"count":30,"href":"https:\/\/esba.dz\/index.php?rest_route=\/wp\/v2\/pages\/40\/revisions"}],"predecessor-version":[{"id":3002,"href":"https:\/\/esba.dz\/index.php?rest_route=\/wp\/v2\/pages\/40\/revisions\/3002"}],"up":[{"embeddable":true,"href":"https:\/\/esba.dz\/index.php?rest_route=\/wp\/v2\/pages\/91"}],"wp:attachment":[{"href":"https:\/\/esba.dz\/index.php?rest_route=%2Fwp%2Fv2%2Fmedia&parent=40"}],"curies":[{"name":"wp","href":"https:\/\/api.w.org\/{rel}","templated":true}]}}