{"id":115,"date":"2016-12-14T19:00:33","date_gmt":"2016-12-14T19:00:33","guid":{"rendered":"https:\/\/www.esba.dz\/\/?page_id=115"},"modified":"2023-09-25T23:53:55","modified_gmt":"2023-09-25T22:53:55","slug":"tronc-commun","status":"publish","type":"page","link":"https:\/\/esba.dz\/?page_id=115","title":{"rendered":"Tronc Commun"},"content":{"rendered":"<p class=\"p1\"><span class=\"s1\">La premi\u00e8re ann\u00e9e permet d&rsquo;acc\u00e9der \u00e0 une initiation aux quatre fili\u00e8res, et comprend l&rsquo;enseignement du dessin acad\u00e9mique, l&rsquo;histoire et la philosophie de l&rsquo;art et des civilisations, ainsi que l&rsquo;anglais.<br \/>\nA la fin de cette ann\u00e9e de tronc commun, selon les notes obtenues et les voeux de l&rsquo;\u00e9tudiant, il est dirig\u00e9 en deuxi\u00e8me ann\u00e9e vers l&rsquo;une des quatre sp\u00e9cialit\u00e9s.<\/span><\/p>\n","protected":false},"excerpt":{"rendered":"<p>La premi\u00e8re ann\u00e9e permet d&rsquo;acc\u00e9der \u00e0 une initiation aux quatre fili\u00e8res, et comprend l&rsquo;enseignement du dessin acad\u00e9mique, l&rsquo;histoire et la philosophie de l&rsquo;art et des civilisations, ainsi que l&rsquo;anglais. A la fin de cette ann\u00e9e de tronc commun, selon les notes obtenues et les voeux de l&rsquo;\u00e9tudiant, il est dirig\u00e9 en deuxi\u00e8me ann\u00e9e vers l&rsquo;une des quatre sp\u00e9cialit\u00e9s.<\/p>\n","protected":false},"author":1,"featured_media":0,"parent":87,"menu_order":0,"comment_status":"closed","ping_status":"closed","template":"page-templates\/template-formation.php","meta":{"footnotes":""},"class_list":["post-115","page","type-page","status-publish","hentry"],"_links":{"self":[{"href":"https:\/\/esba.dz\/index.php?rest_route=\/wp\/v2\/pages\/115","targetHints":{"allow":["GET"]}}],"collection":[{"href":"https:\/\/esba.dz\/index.php?rest_route=\/wp\/v2\/pages"}],"about":[{"href":"https:\/\/esba.dz\/index.php?rest_route=\/wp\/v2\/types\/page"}],"author":[{"embeddable":true,"href":"https:\/\/esba.dz\/index.php?rest_route=\/wp\/v2\/users\/1"}],"replies":[{"embeddable":true,"href":"https:\/\/esba.dz\/index.php?rest_route=%2Fwp%2Fv2%2Fcomments&post=115"}],"version-history":[{"count":10,"href":"https:\/\/esba.dz\/index.php?rest_route=\/wp\/v2\/pages\/115\/revisions"}],"predecessor-version":[{"id":3140,"href":"https:\/\/esba.dz\/index.php?rest_route=\/wp\/v2\/pages\/115\/revisions\/3140"}],"up":[{"embeddable":true,"href":"https:\/\/esba.dz\/index.php?rest_route=\/wp\/v2\/pages\/87"}],"wp:attachment":[{"href":"https:\/\/esba.dz\/index.php?rest_route=%2Fwp%2Fv2%2Fmedia&parent=115"}],"curies":[{"name":"wp","href":"https:\/\/api.w.org\/{rel}","templated":true}]}}